{"id":19,"date":"2019-08-19T08:40:51","date_gmt":"2019-08-19T07:40:51","guid":{"rendered":"http:\/\/localhost\/?page_id=19"},"modified":"2025-07-15T14:45:20","modified_gmt":"2025-07-15T13:45:20","slug":"faq","status":"publish","type":"page","link":"https:\/\/www.simplycrayfish.co.uk\/es\/faq\/","title":{"rendered":"PREGUNTAS FRECUENTES"},"content":{"rendered":"<div id=\"gap-2114013768\" class=\"gap-element clearfix\" style=\"display:block; height:auto;\">\n\t\t\n<style>\n#gap-2114013768 {\n  padding-top: 30px;\n}\n<\/style>\n\t<\/div>\n\t\n<div class=\"row\"  id=\"row-1787585771\">\n\n\t<div id=\"col-1876272622\" class=\"col medium-8 small-12 large-8\"  >\n\t\t\t\t<div class=\"col-inner\"  >\n\t\t\t\n\t\t\t\n\n\t<section class=\"section\" id=\"section_1832788647\">\n\t\t<div class=\"section-bg fill\" >\n\t\t\t\t\t\t\t\t\t\n\t\t\t\n\n\t\t<\/div>\n\n\t\t\n\n\t\t<div class=\"section-content relative\">\n\t\t\t\n<div class=\"row\"  id=\"row-2100297041\">\n\n\t<div id=\"col-452067487\" class=\"col small-12 large-12\"  >\n\t\t\t\t<div class=\"col-inner text-center\"  >\n\t\t\t\n\t\t\t\n<h2>Preguntas Frecuentes<\/h2>\n\t\t<\/div>\n\t\t\t\t\t<\/div>\n\n\t\n<\/div>\n<div class=\"row align-center\"  id=\"row-1459061141\">\n\n\t<div id=\"col-832017911\" class=\"col medium-10 small-12 large-3\"  >\n\t\t\t\t<div class=\"col-inner\"  >\n\t\t\t\n\t\t\t\n<h3>El Producto<\/h3>\n\t\t<\/div>\n\t\t\t\t\t<\/div>\n\n\t\n\n\t<div id=\"col-1943187018\" class=\"col medium-10 small-12 large-6\"  >\n\t\t\t\t<div class=\"col-inner\"  >\n\t\t\t\n\t\t\t\n<div class=\"accordion\">\n\t<div id=\"accordion-2766855498\" class=\"accordion-item\">\n\t\t<a id=\"accordion-2766855498-label\" class=\"accordion-title plain\" href=\"#accordion-item-what-type-of-crayfish-are-they?\" aria-expanded=\"false\" aria-controls=\"accordion-2766855498-content\">\n\t\t\t<button class=\"toggle\" aria-label=\"Toggle\"><i class=\"icon-angle-down\" aria-hidden=\"true\"><\/i><\/button>\n\t\t\t<span>\u00bfQu\u00e9 tipo de cangrejo de r\u00edo es?<\/span>\n\t\t<\/a>\n\t\t<div id=\"accordion-2766855498-content\" class=\"accordion-inner\" aria-labelledby=\"accordion-2766855498-label\">\n\t\t\t\n<p>Simply Crayfish s\u00f3lo suministra cangrejos de r\u00edo no aut\u00f3ctonos capturados en el medio natural, la especie que suministramos es el cangrejo de r\u00edo se\u00f1al (Pacifastacus leniusculus), una especie muy destructiva en el Reino Unido, \u00a1y comer este sabroso crust\u00e1ceo ayuda al medio ambiente!<\/p>\n<p>Ocasionalmente tenemos a la venta cangrejos de r\u00edo de pinza estrecha o turcos (Astacus leptodactylus) vivos.<\/p>\n\t\t<\/div>\n\t<\/div>\n\t\n\t<div id=\"accordion-1966348266\" class=\"accordion-item\">\n\t\t<a id=\"accordion-1966348266-label\" class=\"accordion-title plain\" href=\"#accordion-item-are-they-seasonal?\" aria-expanded=\"false\" aria-controls=\"accordion-1966348266-content\">\n\t\t\t<button class=\"toggle\" aria-label=\"Toggle\"><i class=\"icon-angle-down\" aria-hidden=\"true\"><\/i><\/button>\n\t\t\t<span>\u00bfSon estacionales?<\/span>\n\t\t<\/a>\n\t\t<div id=\"accordion-1966348266-content\" class=\"accordion-inner\" aria-labelledby=\"accordion-1966348266-label\">\n\t\t\t\n<p>S\u00ed, los cangrejos de r\u00edo son un producto de temporada en el Reino Unido y su mayor abundancia se da durante el verano; sin embargo, podemos suministrar cantidades m\u00e1s peque\u00f1as durante el invierno.<\/p>\n\t\t<\/div>\n\t<\/div>\n\t\n\t<div id=\"accordion-2181041503\" class=\"accordion-item\">\n\t\t<a id=\"accordion-2181041503-label\" class=\"accordion-title plain\" href=\"#accordion-item-do-you-supply-the-public-?\" aria-expanded=\"false\" aria-controls=\"accordion-2181041503-content\">\n\t\t\t<button class=\"toggle\" aria-label=\"Toggle\"><i class=\"icon-angle-down\" aria-hidden=\"true\"><\/i><\/button>\n\t\t\t<span>\u00bfSuministra al p\u00fablico?<\/span>\n\t\t<\/a>\n\t\t<div id=\"accordion-2181041503-content\" class=\"accordion-inner\" aria-labelledby=\"accordion-2181041503-label\">\n\t\t\t\n<p>Podemos suministrar al p\u00fablico Signal Crayfish, ya que s\u00f3lo vendemos producto refrigerado, congelado o cocido, nunca venderemos vivo con la excepci\u00f3n del cangrejo de r\u00edo turco.<\/p>\n\t\t<\/div>\n\t<\/div>\n\t\n<\/div>\n\t\t<\/div>\n\t\t\t\t\t<\/div>\n\n\t\n<\/div>\n<div class=\"row align-center\"  id=\"row-686146750\">\n\n\t<div id=\"col-1719590067\" class=\"col medium-10 small-12 large-3\"  >\n\t\t\t\t<div class=\"col-inner\"  >\n\t\t\t\n\t\t\t\n<h3>Pagos<\/h3>\n\t\t<\/div>\n\t\t\t\t\t<\/div>\n\n\t\n\n\t<div id=\"col-1336297188\" class=\"col medium-10 small-12 large-6\"  >\n\t\t\t\t<div class=\"col-inner\"  >\n\t\t\t\n\t\t\t\n<div class=\"accordion\">\n\t<div id=\"accordion-2356196871\" class=\"accordion-item\">\n\t\t<a id=\"accordion-2356196871-label\" class=\"accordion-title plain\" href=\"#accordion-item-can-i-open-an-account-with-simply-crayfish\" aria-expanded=\"false\" aria-controls=\"accordion-2356196871-content\">\n\t\t\t<button class=\"toggle\" aria-label=\"Toggle\"><i class=\"icon-angle-down\" aria-hidden=\"true\"><\/i><\/button>\n\t\t\t<span>\u00bfPuedo abrir una cuenta en Simply Crayfish?<\/span>\n\t\t<\/a>\n\t\t<div id=\"accordion-2356196871-content\" class=\"accordion-inner\" aria-labelledby=\"accordion-2356196871-label\">\n\t\t\t\n<p><a href=\"https:\/\/www.simplycrayfish.co.uk\/es\/pongase-en-contacto-con\/\" data-wplink-url-error=\"true\">P\u00f3ngase en contacto con nosotros<\/a> Por lo general, preferimos el pago por adelantado antes de la entrega, pero en el caso de grandes empresas se pueden acordar condiciones.<\/p>\n<p>\u00a0<\/p>\n\t\t<\/div>\n\t<\/div>\n\t\n\t<div id=\"accordion-142962684\" class=\"accordion-item\">\n\t\t<a id=\"accordion-142962684-label\" class=\"accordion-title plain\" href=\"#accordion-item-do-you-accept-cash\" aria-expanded=\"false\" aria-controls=\"accordion-142962684-content\">\n\t\t\t<button class=\"toggle\" aria-label=\"Toggle\"><i class=\"icon-angle-down\" aria-hidden=\"true\"><\/i><\/button>\n\t\t\t<span>\u00bfAceptan efectivo?<\/span>\n\t\t<\/a>\n\t\t<div id=\"accordion-142962684-content\" class=\"accordion-inner\" aria-labelledby=\"accordion-142962684-label\">\n\t\t\t\n<p>S\u00ed, aceptamos efectivo, pero preferimos el pago por transferencia bancaria o a trav\u00e9s de la p\u00e1gina web.<\/p>\n\t\t<\/div>\n\t<\/div>\n\t\n\t<div id=\"accordion-302335493\" class=\"accordion-item\">\n\t\t<a id=\"accordion-302335493-label\" class=\"accordion-title plain\" href=\"#accordion-item-do-you-take-cheques\" aria-expanded=\"false\" aria-controls=\"accordion-302335493-content\">\n\t\t\t<button class=\"toggle\" aria-label=\"Toggle\"><i class=\"icon-angle-down\" aria-hidden=\"true\"><\/i><\/button>\n\t\t\t<span>\u00bfAceptan cheques?<\/span>\n\t\t<\/a>\n\t\t<div id=\"accordion-302335493-content\" class=\"accordion-inner\" aria-labelledby=\"accordion-302335493-label\">\n\t\t\t\n<p>Lo sentimos, pero no aceptamos cheques a menos que sean de empresas establecidas.<\/p>\n\t\t<\/div>\n\t<\/div>\n\t\n<\/div>\n\t\t<\/div>\n\t\t\t\t\t<\/div>\n\n\t\n<\/div>\n<div class=\"row align-center\"  id=\"row-1507111187\">\n\n\t<div id=\"col-548751453\" class=\"col medium-10 small-12 large-3\"  >\n\t\t\t\t<div class=\"col-inner\"  >\n\t\t\t\n\t\t\t\n<h3>Env\u00edo<\/h3>\n\t\t<\/div>\n\t\t\t\t\t<\/div>\n\n\t\n\n\t<div id=\"col-147603804\" class=\"col medium-10 small-12 large-6\"  >\n\t\t\t\t<div class=\"col-inner\"  >\n\t\t\t\n\t\t\t\n<div class=\"accordion\">\n\t<div id=\"accordion-2913229487\" class=\"accordion-item\">\n\t\t<a id=\"accordion-2913229487-label\" class=\"accordion-title plain\" href=\"#accordion-item-uk-deliveries\" aria-expanded=\"false\" aria-controls=\"accordion-2913229487-content\">\n\t\t\t<button class=\"toggle\" aria-label=\"Toggle\"><i class=\"icon-angle-down\" aria-hidden=\"true\"><\/i><\/button>\n\t\t\t<span>Entregas en el Reino Unido<\/span>\n\t\t<\/a>\n\t\t<div id=\"accordion-2913229487-content\" class=\"accordion-inner\" aria-labelledby=\"accordion-2913229487-label\">\n\t\t\t\n<p>S\u00f3lo realizamos entregas de martes a viernes. Los pedidos realizados de lunes a jueves y antes de las 10.00 horas GMT se enviar\u00e1n el mismo d\u00eda. Los servicios de mensajer\u00eda utilizados tienen como objetivo entregar \"al d\u00eda siguiente\" siempre que sea posible.<\/p>\n\t\t<\/div>\n\t<\/div>\n\t\n\t<div id=\"accordion-1502083031\" class=\"accordion-item\">\n\t\t<a id=\"accordion-1502083031-label\" class=\"accordion-title plain\" href=\"#accordion-item-delivery-areas\" aria-expanded=\"false\" aria-controls=\"accordion-1502083031-content\">\n\t\t\t<button class=\"toggle\" aria-label=\"Toggle\"><i class=\"icon-angle-down\" aria-hidden=\"true\"><\/i><\/button>\n\t\t\t<span>Zonas de entrega<\/span>\n\t\t<\/a>\n\t\t<div id=\"accordion-1502083031-content\" class=\"accordion-inner\" aria-labelledby=\"accordion-1502083031-label\">\n\t\t\t\n<p>Nos produits r\u00e9frig\u00e9r\u00e9s, congel\u00e9s et cuits peuvent \u00eatre livr\u00e9s dans toutes les r\u00e9gions du Royaume-Uni. Nos \u00e9crevisses turques vivantes ne peuvent \u00eatre livr\u00e9es qu'aux restaurateurs et aux h\u00f4teliers. Les \u00e9crevisses n'\u00e9tant pas indig\u00e8nes, nous n'exp\u00e9dions pas nos produits dans les r\u00e9gions o\u00f9 nous pensons qu'il existe un risque d'introduction de l'\u00e9crevisse. Ceci inclut le Pays de Galles, l'Ecosse et le Royaume-Uni. Veuillez nous appeler avant de passer votre commande par email sales@www.simplycrayfish.co.uk pour confirmer que nous pouvons vous livrer. <a href=\"https:\/\/www.simplycrayfish.co.uk\/es\/ailto:orders@colchesteroysterfishery.com\/\">sales@www.simplycrayfish.co.uk<\/a> para confirmar que podemos entreg\u00e1rselo.<\/p>\n\t\t<\/div>\n\t<\/div>\n\t\n\t<div id=\"accordion-1587568184\" class=\"accordion-item\">\n\t\t<a id=\"accordion-1587568184-label\" class=\"accordion-title plain\" href=\"#accordion-item-how-are-they-shipped\" aria-expanded=\"false\" aria-controls=\"accordion-1587568184-content\">\n\t\t\t<button class=\"toggle\" aria-label=\"Toggle\"><i class=\"icon-angle-down\" aria-hidden=\"true\"><\/i><\/button>\n\t\t\t<span>C\u00f3mo se env\u00edan<\/span>\n\t\t<\/a>\n\t\t<div id=\"accordion-1587568184-content\" class=\"accordion-inner\" aria-labelledby=\"accordion-1587568184-label\">\n\t\t\t\n<p>Se env\u00edan en cajas isot\u00e9rmicas o en cajas isot\u00e9rmicas especiales para pedidos grandes, que proporcionan la protecci\u00f3n necesaria. Utilizamos bolsas de hielo de gel para mantener sus cangrejos de r\u00edo fresco, estos pueden ser reutilizados, s\u00f3lo pop en su congelador y utilizar como los icepacks de pl\u00e1stico.<\/p>\n<p>Todos los productos se preparan por encargo. Si pide un producto cocinado, se cocinar\u00e1 y refrigerar\u00e1 el d\u00eda antes de recibirlo. Si su pedido incluye cangrejos de r\u00edo turcos vivos, se recogen y envasan justo antes de que el servicio de mensajer\u00eda pase a recogerlos. Si su pedido incluye productos congelados, es posible que se descongelen durante el transporte. Aunque hacemos todo lo posible para asegurarnos de que lleguen congelados, no podemos garantizarlo.<\/p>\n\t\t<\/div>\n\t<\/div>\n\t\n<\/div>\n\t\t<\/div>\n\t\t\t\t\t<\/div>\n\n\t\n<\/div>\n<div class=\"row align-center\"  id=\"row-467215485\">\n\n\t<div id=\"col-531984238\" class=\"col medium-10 small-12 large-3\"  >\n\t\t\t\t<div class=\"col-inner\"  >\n\t\t\t\n\t\t\t\n<h3>Devuelve<\/h3>\n\t\t<\/div>\n\t\t\t\t\t<\/div>\n\n\t\n\n\t<div id=\"col-749601208\" class=\"col medium-10 small-12 large-6\"  >\n\t\t\t\t<div class=\"col-inner\"  >\n\t\t\t\n\t\t\t\n<div class=\"accordion\">\n\t<div id=\"accordion-2191945584\" class=\"accordion-item\">\n\t\t<a id=\"accordion-2191945584-label\" class=\"accordion-title plain\" href=\"#accordion-item-do-you-accept-returns\" aria-expanded=\"false\" aria-controls=\"accordion-2191945584-content\">\n\t\t\t<button class=\"toggle\" aria-label=\"Toggle\"><i class=\"icon-angle-down\" aria-hidden=\"true\"><\/i><\/button>\n\t\t\t<span>\u00bfAceptan devoluciones?<\/span>\n\t\t<\/a>\n\t\t<div id=\"accordion-2191945584-content\" class=\"accordion-inner\" aria-labelledby=\"accordion-2191945584-label\">\n\t\t\t\n<p>Dado que los cangrejos de r\u00edo son un producto fresco y perecedero, no podemos aceptar devoluciones por este motivo.<\/p>\n<p>Si tiene alg\u00fan problema con su pedido en el momento de la entrega, le rogamos que nos lo notifique inmediatamente para tratar el asunto.<\/p>\n\t\t<\/div>\n\t<\/div>\n\t\n<\/div>\n\t\t<\/div>\n\t\t\t\t\t<\/div>\n\n\t\n<\/div>\n\t\t<\/div>\n\n\t\t\n<style>\n#section_1832788647 {\n  padding-top: 60px;\n  padding-bottom: 60px;\n  background-color: rgb(255,255,255);\n}\n<\/style>\n\t<\/section>\n\t\n\t\t<\/div>\n\t\t\t\t\t<\/div>\n\n\t\n\n\t<div id=\"col-1647273436\" class=\"col medium-4 small-12 large-4\"  >\n\t\t\t\t<div class=\"col-inner\"  >\n\t\t\t\n\t\t\t\n\t<div id=\"gap-502233883\" class=\"gap-element clearfix\" style=\"display:block; height:auto;\">\n\t\t\n<style>\n#gap-502233883 {\n  padding-top: 30px;\n}\n<\/style>\n\t<\/div>\n\t\n\n\t<section class=\"section\" id=\"section_1391029317\">\n\t\t<div class=\"section-bg fill\" >\n\t\t\t\t\t\t\t\t\t\n\t\t\t\n\n\t\t<\/div>\n\n\t\t\n\n\t\t<div class=\"section-content relative\">\n\t\t\t\n<h2>\u00bfNO ENCUENTRA LA RESPUESTA QUE BUSCA?<\/h2>\n<p>ESCR\u00cdBENOS O LL\u00c1MANOS.<\/p>\n\n<div class=\"wpcf7 no-js\" id=\"wpcf7-f240-o1\" lang=\"en-US\" dir=\"ltr\" data-wpcf7-id=\"240\">\n<div class=\"screen-reader-response\"><p role=\"status\" aria-live=\"polite\" aria-atomic=\"true\"><\/p> <ul><\/ul><\/div>\n<form action=\"\/es\/wp-json\/wp\/v2\/pages\/19#wpcf7-f240-o1\" method=\"post\" class=\"wpcf7-form init\" aria-label=\"Formulario de contacto\" novalidate=\"novalidate\" data-status=\"init\" data-trp-original-action=\"\/es\/wp-json\/wp\/v2\/pages\/19#wpcf7-f240-o1\">\n<fieldset class=\"hidden-fields-container\"><input type=\"hidden\" name=\"_wpcf7\" value=\"240\" \/><input type=\"hidden\" name=\"_wpcf7_version\" value=\"6.1.5\" \/><input type=\"hidden\" name=\"_wpcf7_locale\" value=\"en_US\" \/><input type=\"hidden\" name=\"_wpcf7_unit_tag\" value=\"wpcf7-f240-o1\" \/><input type=\"hidden\" name=\"_wpcf7_container_post\" value=\"0\" \/><input type=\"hidden\" name=\"_wpcf7_posted_data_hash\" value=\"\" \/><input type=\"hidden\" name=\"_wpcf7_recaptcha_response\" value=\"\" \/>\n<\/fieldset>\n<div class=\"form-flat\">\n\t<p><span class=\"wpcf7-form-control-wrap\" data-name=\"your-name\"><input size=\"40\" maxlength=\"400\" class=\"wpcf7-form-control wpcf7-text wpcf7-validates-as-required\" aria-required=\"true\" aria-invalid=\"false\" placeholder=\"Su nombre (obligatorio)\" value=\"\" type=\"text\" name=\"your-name\" \/><\/span>\n\t<\/p>\n\t<p><span class=\"wpcf7-form-control-wrap\" data-name=\"your-email\"><input size=\"40\" maxlength=\"400\" class=\"wpcf7-form-control wpcf7-email wpcf7-validates-as-required wpcf7-text wpcf7-validates-as-email\" aria-required=\"true\" aria-invalid=\"false\" placeholder=\"Su correo electr\u00f3nico (obligatorio)\" value=\"\" type=\"email\" name=\"your-email\" \/><\/span>\n\t<\/p>\n\t<p><span class=\"wpcf7-form-control-wrap\" data-name=\"your-message\"><textarea cols=\"40\" rows=\"10\" maxlength=\"2000\" class=\"wpcf7-form-control wpcf7-textarea\" aria-invalid=\"false\" placeholder=\"Su mensaje (obligatorio)\" name=\"your-message\"><\/textarea><\/span>\n\t<\/p>\n\t<p><input class=\"wpcf7-form-control wpcf7-submit has-spinner button\" type=\"submit\" value=\"Enviar\" \/>\n\t<\/p>\n<\/div><div class=\"wpcf7-response-output\" aria-hidden=\"true\"><\/div>\n<input type=\"hidden\" name=\"trp-form-language\" value=\"es\"\/><\/form>\n<\/div>\n\n<div class=\"social-icons follow-icons\" style=\"font-size:115%\"><a href=\"https:\/\/www.facebook.com\/simplycrayfish\/\" target=\"_blank\" data-label=\"Facebook\" class=\"icon button circle is-outline tooltip facebook\" title=\"S\u00edguenos en Facebook\" aria-label=\"S\u00edguenos en Facebook\" rel=\"noopener nofollow\"><i class=\"icon-facebook\" aria-hidden=\"true\"><\/i><\/a><a href=\"https:\/\/twitter.com\/simplycrayfish\" data-label=\"X\" target=\"_blank\" class=\"icon button circle is-outline tooltip x\" title=\"Seguir en X\" aria-label=\"Seguir en X\" rel=\"noopener nofollow\"><i class=\"icon-x\" aria-hidden=\"true\"><\/i><\/a><a href=\"mailto:sales@simplycrayfish.co.uk\" data-label=\"E-mail\" target=\"_blank\" class=\"icon button circle is-outline tooltip email\" title=\"Env\u00edanos un email\" aria-label=\"Env\u00edanos un email\" rel=\"nofollow noopener\"><i class=\"icon-envelop\" aria-hidden=\"true\"><\/i><\/a><a href=\"tel:07814699740\" data-label=\"Phone\" target=\"_blank\" class=\"icon button circle is-outline tooltip phone\" title=\"Ll\u00e1menos\" aria-label=\"Ll\u00e1menos\" rel=\"nofollow noopener\"><i class=\"icon-phone\" aria-hidden=\"true\"><\/i><\/a><\/div>\n\t<div id=\"gap-1949451310\" class=\"gap-element clearfix\" style=\"display:block; height:auto;\">\n\t\t\n<style>\n#gap-1949451310 {\n  padding-top: 30px;\n}\n<\/style>\n\t<\/div>\n\t\n\t\t<\/div>\n\n\t\t\n<style>\n#section_1391029317 {\n  padding-top: 30px;\n  padding-bottom: 30px;\n}\n<\/style>\n\t<\/section>\n\t\n\t\t<\/div>\n\t\t\t\t\t<\/div>\n\n\t\n<\/div>","protected":false},"excerpt":{"rendered":"","protected":false},"author":1,"featured_media":0,"parent":0,"menu_order":0,"comment_status":"closed","ping_status":"closed","template":"","meta":{"_monsterinsights_skip_tracking":false,"_monsterinsights_sitenote_active":false,"_monsterinsights_sitenote_note":"","_monsterinsights_sitenote_category":0,"footnotes":""},"class_list":["post-19","page","type-page","status-publish","hentry"],"_links":{"self":[{"href":"https:\/\/www.simplycrayfish.co.uk\/es\/wp-json\/wp\/v2\/pages\/19","targetHints":{"allow":["GET"]}}],"collection":[{"href":"https:\/\/www.simplycrayfish.co.uk\/es\/wp-json\/wp\/v2\/pages"}],"about":[{"href":"https:\/\/www.simplycrayfish.co.uk\/es\/wp-json\/wp\/v2\/types\/page"}],"author":[{"embeddable":true,"href":"https:\/\/www.simplycrayfish.co.uk\/es\/wp-json\/wp\/v2\/users\/1"}],"replies":[{"embeddable":true,"href":"https:\/\/www.simplycrayfish.co.uk\/es\/wp-json\/wp\/v2\/comments?post=19"}],"version-history":[{"count":0,"href":"https:\/\/www.simplycrayfish.co.uk\/es\/wp-json\/wp\/v2\/pages\/19\/revisions"}],"wp:attachment":[{"href":"https:\/\/www.simplycrayfish.co.uk\/es\/wp-json\/wp\/v2\/media?parent=19"}],"curies":[{"name":"wp","href":"https:\/\/api.w.org\/{rel}","templated":true}]}}