{"id":29,"date":"2019-08-19T08:45:55","date_gmt":"2019-08-19T07:45:55","guid":{"rendered":"http:\/\/localhost\/?page_id=29"},"modified":"2025-07-15T14:29:19","modified_gmt":"2025-07-15T13:29:19","slug":"condiciones-generales","status":"publish","type":"page","link":"https:\/\/www.simplycrayfish.co.uk\/es\/condiciones-generales\/","title":{"rendered":"Condiciones generales"},"content":{"rendered":"<div id=\"gap-447608287\" class=\"gap-element clearfix\" style=\"display:block; height:auto;\">\n\t\t\n<style>\n#gap-447608287 {\n  padding-top: 30px;\n}\n<\/style>\n\t<\/div>\n\t\n<div class=\"row\"  id=\"row-1371743309\">\n\n\t<div id=\"col-1771734060\" class=\"col small-12 large-12\"  >\n\t\t\t\t<div class=\"col-inner\"  >\n\t\t\t\n\t\t\t\n<p>T\u00c9RMINOS Y CONDICIONES DEL SITIO WEB<\/p>\n<p>\u00a0<\/p>\n<p>Bienvenido a los t\u00e9rminos y condiciones de uso del sitio web de Simply Crayfish. Estos t\u00e9rminos y condiciones se aplican al uso de este sitio web <a href=\"https:\/\/www.simplycrayfish.co.uk\/es\/\">https:\/\/www.simplycrayfish.co.uk<\/a>. Al acceder a este sitio web y\/o realizar un pedido, usted acepta someterse a las presentes condiciones.<\/p>\n<p>EL USO DE ESTE SITIO WEB IMPLICA LA ACEPTACI\u00d3N DE ESTAS CONDICIONES, INDEPENDIENTEMENTE DE QUE DECIDA O NO REGISTRARSE O REALIZAR UN PEDIDO. SI NO ACEPTA ESTAS CONDICIONES, NO UTILICE ESTE SITIO WEB.<\/p>\n<p>El sitio web https:\/\/www.simplycrayfish.co.uk est\u00e1 gestionado por:<\/p>\n<p>Simplemente cangrejos de r\u00edo:<\/p>\n<p>Nuestros datos de contacto son los siguientes:\u00a0<\/p>\n<p>Correo electr\u00f3nico general: <a href=\"mailto:sales@simplycrayfish.co.uk\">sales@simplycrayfish.co.uk<\/a><\/p>\n<p>1. INTRODUCCI\u00d3N<\/p>\n<p>1.1 Podr\u00e1 acceder a la mayor\u00eda de las secciones de este sitio web sin necesidad de registrarse. Algunas \u00e1reas de este sitio web s\u00f3lo est\u00e1n abiertas si se registra.<\/p>\n<p>1.2 Podemos revisar estos t\u00e9rminos y condiciones en cualquier momento actualizando esta publicaci\u00f3n. Debe consultar este sitio web de vez en cuando para revisar los t\u00e9rminos y condiciones actuales, ya que son vinculantes para usted. Ciertas disposiciones de estos t\u00e9rminos y condiciones pueden ser sustituidas por avisos legales expresamente designados o t\u00e9rminos ubicados en p\u00e1ginas particulares de este Sitio Web. Si no desea aceptar los nuevos t\u00e9rminos y condiciones despu\u00e9s de que se lo hayamos notificado, no debe seguir utilizando este sitio web.\n\nTraducci\u00f3n realizada con la versi\u00f3n gratuita del traductor www.DeepL.com\/Translator<\/p>\n<p>2. C\u00d3MO HACERNOS UN PEDIDO<\/p>\n<p>2.1 Se considera que usted nos hace un pedido a trav\u00e9s de nuestro proceso de pago en l\u00ednea. Como parte de nuestro proceso de pago, tendr\u00e1 la oportunidad de comprobar su pedido y corregir cualquier error. Le enviaremos un acuse de pedido en el que se detallar\u00e1n los productos que ha pedido.<\/p>\n<p>2.2 La aceptaci\u00f3n de un pedido tiene lugar en el momento de su env\u00edo. El contrato de compraventa se perfeccionar\u00e1 en el momento del env\u00edo del pedido, aunque el pago se haya tramitado inmediatamente, salvo que le hayamos notificado que no aceptamos su pedido o que usted lo haya anulado.<\/p>\n<p>2.3 Podemos negarnos a aceptar un pedido:<\/p>\n<p>(a) Cuando no se disponga de mercanc\u00edas;<\/p>\n<p>(b) Cuando no podamos obtener autorizaci\u00f3n para su pago;<\/p>\n<p>(c) Si se ha producido un error en el precio o en la descripci\u00f3n del producto.<\/p>\n<p>(d) Si no cumple alguno de los criterios de elegibilidad establecidos en nuestras condiciones.<\/p>\n<p>3. PRECIOS<\/p>\n<p>3.1 Los precios actuales no incluyen el IVA (si procede), pero pueden estar sujetos a cambios. Nos reservamos el derecho de expresar el precio sin IVA, pero mostraremos el IVA por separado y lo incluiremos en el precio total.<\/p>\n<p>3.2 En caso de que cobremos por separado el embalaje, el transporte, el seguro y otros gastos pertinentes, las tarifas correspondientes se establecen en nuestra estructura de precios especificada que se muestra en otra parte de este sitio web.<\/p>\n<p>3.3 Nuestros precios se revisan peri\u00f3dicamente.<\/p>\n<p>4. POL\u00cdTICA DE CANCELACIONES Y DEVOLUCIONES<\/p>\n<p>4.1 Si desea anular su pedido:<\/p>\n<p>(a) Puede notific\u00e1rnoslo por correo electr\u00f3nico a <a href=\"mailto:sales@simplycrayfish.co.uk\">sales@simplycrayfish.co.uk<\/a> antes de que le hayamos enviado la mercanc\u00eda.<\/p>\n<p>4.2 Debido a que nuestros productos tienen una vida \u00fatil limitada, no podemos aceptar devoluciones para reembolso. Env\u00ede sus consultas por correo electr\u00f3nico a sales@simplycrayfish.co.uk<\/p>\n<p>Esta cl\u00e1usula (4.2) no afecta a sus derechos legales.<\/p>\n<p>5. LICENCIA<\/p>\n<p>5.1 Se le permite imprimir y descargar extractos de este sitio web para su propio uso con arreglo a las siguientes condiciones:<\/p>\n<p>(a) Ning\u00fan documento o gr\u00e1fico relacionado de este sitio web ha sido modificado en modo alguno;<\/p>\n<p>(b) En este sitio web no se utilizan gr\u00e1ficos separados del texto que los acompa\u00f1a.<\/p>\n<p>(c) Todos nuestros avisos de derechos de autor y marca registrada y este aviso de permiso aparecen en todas las copias.<\/p>\n<p>5.2 A menos que se indique lo contrario, los derechos de autor y otros derechos de propiedad intelectual sobre todo el material de este sitio web (incluyendo, sin limitaci\u00f3n, fotograf\u00edas e im\u00e1genes gr\u00e1ficas) son propiedad nuestra o de nuestros licenciantes. A los efectos de las presentes condiciones, queda prohibido cualquier uso de extractos de este sitio web que no se ajuste a lo dispuesto en la cl\u00e1usula 5.1 anterior para cualquier fin. Si incumple cualquiera de los t\u00e9rminos de estos t\u00e9rminos y condiciones, su permiso para utilizar este sitio web terminar\u00e1 autom\u00e1ticamente y deber\u00e1 destruir inmediatamente cualquier extracto descargado o impreso de este sitio web.<\/p>\n<p>5.3 Sin perjuicio de lo dispuesto en la cl\u00e1usula 5.1, ninguna parte de este sitio web podr\u00e1 reproducirse o almacenarse en ning\u00fan otro sitio web ni incluirse en ning\u00fan sistema o servicio de recuperaci\u00f3n electr\u00f3nica p\u00fablico o privado sin nuestra autorizaci\u00f3n previa por escrito.<\/p>\n<p>5.4 Quedan reservados todos los derechos no concedidos expresamente en las presentes condiciones.<\/p>\n<p>6. ACCESO AL SERVICIO<\/p>\n<p>6.1 Aunque nos esforzamos por garantizar que este Sitio Web est\u00e9 normalmente disponible las 24 horas del d\u00eda, no seremos responsables si por cualquier motivo este Sitio Web no est\u00e1 disponible en cualquier momento o durante cualquier per\u00edodo.<\/p>\n<p>6.2 El acceso a este Sitio Web puede suspenderse temporalmente y sin previo aviso en caso de fallo del sistema, mantenimiento o reparaci\u00f3n o por razones ajenas a nuestra voluntad.<\/p>\n<p>7. MATERIAL Y CONDUCTA DE LOS VISITANTES<\/p>\n<p>7.1 Aparte de la informaci\u00f3n de identificaci\u00f3n personal, que est\u00e1 cubierta por la Pol\u00edtica de Privacidad que se encuentra en nuestro sitio web, cualquier material que transmita o publique en este sitio web se considerar\u00e1 no confidencial y sin derechos de propiedad. No tendremos ninguna obligaci\u00f3n con respecto a dicho material. Nosotros y nuestros nominados seremos libres de copiar, divulgar, distribuir, incorporar y utilizar de cualquier otro modo dicho material y todos los datos, im\u00e1genes, sonidos, textos y dem\u00e1s elementos incorporados al mismo para cualquier fin comercial o no comercial.<\/p>\n<p>7.2 Se le proh\u00edbe publicar o transmitir a o desde este sitio web cualquier material:<\/p>\n<p>(a) Que sea amenazante, difamatorio, obsceno, indecente, sedicioso, ofensivo, pornogr\u00e1fico, abusivo, susceptible de incitar al odio racial, discriminatorio, amenazador, escandaloso, incendiario, blasfemo, que viole la confianza, la intimidad o que pueda causar molestias o inconvenientes;<\/p>\n<p>(b) Para los que no haya obtenido todas las licencias y\/o aprobaciones necesarias;<\/p>\n<p>(c) Que constituya o fomente conductas que puedan ser consideradas delitos, dar lugar a responsabilidad civil o ser contrarias a la ley o infringir los derechos de terceros, en el Reino Unido o en cualquier otro pa\u00eds del mundo; o<\/p>\n<p>(d) Que sea t\u00e9cnicamente da\u00f1ino (incluyendo, sin limitaci\u00f3n, virus inform\u00e1ticos, bombas l\u00f3gicas, troyanos, gusanos, componentes da\u00f1inos, datos corruptos u otro software malicioso o datos da\u00f1inos).<\/p>\n<p>7.3 No podr\u00e1 hacer un uso indebido del Sitio Web (incluyendo, sin limitaci\u00f3n, la pirater\u00eda inform\u00e1tica).<\/p>\n<p>7.4 Cooperaremos plenamente con cualquier autoridad encargada de hacer cumplir la ley u orden judicial que nos solicite o nos ordene revelar la identidad o localizar a cualquier persona que publique cualquier material que infrinja las cl\u00e1usulas 7.2 o 7.3.<\/p>\n<p>8. ENLACES HACIA Y DESDE OTROS SITIOS WEB<\/p>\n<p>8.1 Los enlaces a sitios web de terceros en este sitio web se proporcionan \u00fanicamente para su comodidad. Si utiliza estos enlaces, abandonar\u00e1 este sitio web. No hemos revisado todos estos sitios web de terceros y no controlamos ni somos responsables de estos sitios web ni de su contenido o disponibilidad. Por lo tanto, no apoyamos ni hacemos ninguna declaraci\u00f3n sobre ellos, ni sobre ning\u00fan material que se encuentre en ellos, ni sobre ning\u00fan resultado que pueda obtenerse de su uso. Si decide acceder a cualquiera de los sitios web de terceros vinculados a este sitio web, lo har\u00e1 por su cuenta y riesgo.<\/p>\n<p>8.2 Si desea establecer un enlace a este sitio web, s\u00f3lo podr\u00e1 hacerlo si establece un enlace a la p\u00e1gina de inicio de este sitio web, sin reproducirla, y con sujeci\u00f3n a las siguientes condiciones:<\/p>\n<p>(a) No elimine, distorsione o altere de otro modo el tama\u00f1o o la apariencia del logotipo de Simply Crayfish;<\/p>\n<p>(b) No cree un marco ni ning\u00fan otro entorno de navegador o borde alrededor de este Sitio Web;<\/p>\n<p>(c) No implica en modo alguno que estemos respaldando ning\u00fan producto o servicio que no sea el nuestro;<\/p>\n<p>(d) No falsee su relaci\u00f3n con nosotros ni presente cualquier otra informaci\u00f3n falsa sobre nosotros;<\/p>\n<p>(e) No utilice de ning\u00fan otro modo las marcas comerciales de Simply Crayfish que aparecen en este Sitio Web sin nuestro permiso expreso por escrito;<\/p>\n<p>(f) No enlaza desde un sitio web que no es de su propiedad; y<\/p>\n<p>(g) Su sitio web no contiene contenidos desagradables, ofensivos o controvertidos, que infrinjan los derechos de propiedad intelectual u otros derechos de cualquier otra persona o que incumplan de otro modo todas las leyes y normativas aplicables.<\/p>\n<p>Nos reservamos expresamente el derecho a revocar el derecho concedido en esta cl\u00e1usula 8.2 por incumplimiento de estas condiciones y a tomar las medidas que consideremos oportunas.<\/p>\n<p>8.3 Deber\u00e1 indemnizarnos \u00edntegramente por cualquier p\u00e9rdida o da\u00f1o que nosotros o cualquiera de nuestro grupo de empresas pueda sufrir o incurrir como resultado de su incumplimiento de la cl\u00e1usula 8.2.<\/p>\n<p>9. REGISTRO<\/p>\n<p>9.1 Inscribirse en <a href=\"https:\/\/www.simplycrayfish.co.uk\/es\/\">https:\/\/www.simplycrayfish.co.uk<\/a> debe ser mayor de dieciocho a\u00f1os.<\/p>\n<p>9.2 Cada registro es para un solo usuario. No le permitimos compartir su nombre de usuario y contrase\u00f1a con ninguna otra persona ni con m\u00faltiples usuarios en una red.<\/p>\n<p>9.3 La responsabilidad de la seguridad de cualquier contrase\u00f1a emitida recae en usted y si sabe o sospecha que otra persona conoce su contrase\u00f1a, debe ponerse en contacto con nosotros inmediatamente.<\/p>\n<p>9.4 Podemos suspender o cancelar su registro inmediatamente a nuestra discreci\u00f3n razonable o si incumple cualquiera de sus obligaciones en virtud de estos t\u00e9rminos y condiciones.<\/p>\n<p>10. AVISO LEGAL<\/p>\n<p>10.1 Aunque nos esforzamos por garantizar que la informaci\u00f3n contenida en este sitio web sea correcta, no garantizamos la exactitud e integridad del material contenido en el mismo. Podemos realizar cambios en el material de este sitio web, o en los productos y precios descritos en el mismo, en cualquier momento y sin previo aviso. El material de este sitio web puede estar obsoleto y no nos comprometemos a actualizarlo.<\/p>\n<p>10.2 El material de este Sitio web se proporciona \"tal cual\", sin condiciones, garant\u00edas ni otros t\u00e9rminos de ning\u00fan tipo. En consecuencia, en la medida m\u00e1xima permitida por la ley, le proporcionamos este sitio web sobre la base de que excluimos todas las representaciones, garant\u00edas, condiciones y otros t\u00e9rminos (incluyendo, sin limitaci\u00f3n, las condiciones impl\u00edcitas por ley de calidad satisfactoria, adecuaci\u00f3n para un fin y el uso de cuidado y habilidad razonables) que, de no ser por estos t\u00e9rminos y condiciones, podr\u00edan tener efecto en relaci\u00f3n con este sitio web.<\/p>\n<p>11. RESPONSABILIDAD<\/p>\n<p>11.1 Nosotros, cualquier otra parte (est\u00e9 o no involucrada en la creaci\u00f3n, producci\u00f3n, mantenimiento o entrega de este Sitio Web), y cualquiera de las empresas de nuestro grupo y los funcionarios, directores, empleados, accionistas o agentes de cualquiera de ellos, excluimos toda responsabilidad por cualquier cantidad o tipo de p\u00e9rdida o da\u00f1o que pueda resultar a usted o a un tercero (incluyendo, sin limitaci\u00f3n, cualquier p\u00e9rdida o da\u00f1o directo, indirecto, punitivo o consecuente, o cualquier p\u00e9rdida de ingresos, beneficios, fondo de comercio, datos, contratos, uso de dinero, o p\u00e9rdida o da\u00f1os derivados de o relacionados de alguna manera con la interrupci\u00f3n del negocio, y ya sea por responsabilidad extracontractual (incluida, sin limitaci\u00f3n, la negligencia), contractual o de otro tipo) en relaci\u00f3n con este sitio web de cualquier modo o en relaci\u00f3n con el uso, la imposibilidad de uso o los resultados del uso de este sitio web, cualquier sitio web vinculado a este sitio web o el material de dichos sitios web, incluidos, entre otros, las p\u00e9rdidas o da\u00f1os debidos a virus que puedan infectar su equipo inform\u00e1tico, software, datos u otros bienes como consecuencia de su acceso, uso o navegaci\u00f3n por este sitio web o de la descarga de cualquier material de este sitio web o de cualquier sitio web vinculado a este sitio web.<\/p>\n<p>11.2 Nada de lo dispuesto en estas condiciones excluir\u00e1 o limitar\u00e1 nuestra responsabilidad por (i) muerte o da\u00f1os personales causados por negligencia (tal y como se define este t\u00e9rmino en la Ley de cl\u00e1usulas contractuales abusivas de 1977); (ii) fraude; (iii) tergiversaci\u00f3n en cuanto a una cuesti\u00f3n fundamental; o (iv) cualquier responsabilidad que no pueda excluirse o limitarse en virtud de la legislaci\u00f3n aplicable.<\/p>\n<p>11.3 Si el uso que usted hace del material contenido en este sitio web da lugar a la necesidad de revisar, reparar o corregir el equipo, el software o los datos, usted asume todos los costes derivados de ello.<\/p>\n<p>11.4 Usted se compromete a indemnizarnos plenamente, defendernos y eximirnos a nosotros y a nuestros funcionarios, directores, empleados y agentes de toda reclamaci\u00f3n, responsabilidad, da\u00f1os, p\u00e9rdidas, costes (incluidos los honorarios razonables de abogados) derivados de cualquier incumplimiento de los t\u00e9rminos y condiciones por su parte, o de su uso de este sitio web, o del uso por parte de cualquier otra persona que utilice sus datos de registro.<\/p>\n<p>12. LEY APLICABLE Y JURISDICCI\u00d3N<\/p>\n<p>12.1 Estos t\u00e9rminos y condiciones se regir\u00e1n e interpretar\u00e1n de acuerdo con la legislaci\u00f3n inglesa. Las disputas que surjan en relaci\u00f3n con estos t\u00e9rminos y condiciones estar\u00e1n sujetas a la jurisdicci\u00f3n exclusiva de los tribunales ingleses.<\/p>\n<p>12.2 No garantizamos que los materiales\/art\u00edculos a la venta en el Sitio Web sean apropiados o est\u00e9n disponibles para su uso fuera del Reino Unido. Est\u00e1 prohibido acceder al Sitio Web desde territorios en los que su contenido sea ilegal o il\u00edcito. Si accede a este Sitio Web desde lugares situados fuera del Reino Unido, lo har\u00e1 por su cuenta y riesgo y ser\u00e1 responsable del cumplimiento de la legislaci\u00f3n local.<\/p>\n<p>13. VARIOS<\/p>\n<p>13.1 No podr\u00e1 ceder, sublicenciar ni transferir de ning\u00fan otro modo ninguno de los derechos que le corresponden en virtud de las presentes condiciones.<\/p>\n<p>13.2 Si un tribunal competente declara inv\u00e1lida alguna de las disposiciones de estas condiciones, la invalidez de dicha disposici\u00f3n no afectar\u00e1 a la validez de las disposiciones restantes, que seguir\u00e1n teniendo plena vigencia y efecto.<\/p>\n<p>13.3 S\u00f3lo las partes de estos t\u00e9rminos y condiciones pueden tratar de hacerlos cumplir en virtud de la Ley de Contratos (Derechos de Terceros) de 1999.<\/p>\n<p>13.4 Al utilizar este sitio web, usted acepta que sus datos sean transferidos a Estados Unidos.<\/p>\n\t\t<\/div>\n\t\t\t\t\t<\/div>\n\n\t\n<\/div>\n\t<div id=\"gap-111703574\" class=\"gap-element clearfix\" style=\"display:block; height:auto;\">\n\t\t\n<style>\n#gap-111703574 {\n  padding-top: 30px;\n}\n<\/style>\n\t<\/div>","protected":false},"excerpt":{"rendered":"","protected":false},"author":1,"featured_media":0,"parent":0,"menu_order":0,"comment_status":"closed","ping_status":"closed","template":"","meta":{"_monsterinsights_skip_tracking":false,"_monsterinsights_sitenote_active":false,"_monsterinsights_sitenote_note":"","_monsterinsights_sitenote_category":0,"footnotes":""},"class_list":["post-29","page","type-page","status-publish","hentry"],"_links":{"self":[{"href":"https:\/\/www.simplycrayfish.co.uk\/es\/wp-json\/wp\/v2\/pages\/29","targetHints":{"allow":["GET"]}}],"collection":[{"href":"https:\/\/www.simplycrayfish.co.uk\/es\/wp-json\/wp\/v2\/pages"}],"about":[{"href":"https:\/\/www.simplycrayfish.co.uk\/es\/wp-json\/wp\/v2\/types\/page"}],"author":[{"embeddable":true,"href":"https:\/\/www.simplycrayfish.co.uk\/es\/wp-json\/wp\/v2\/users\/1"}],"replies":[{"embeddable":true,"href":"https:\/\/www.simplycrayfish.co.uk\/es\/wp-json\/wp\/v2\/comments?post=29"}],"version-history":[{"count":0,"href":"https:\/\/www.simplycrayfish.co.uk\/es\/wp-json\/wp\/v2\/pages\/29\/revisions"}],"wp:attachment":[{"href":"https:\/\/www.simplycrayfish.co.uk\/es\/wp-json\/wp\/v2\/media?parent=29"}],"curies":[{"name":"wp","href":"https:\/\/api.w.org\/{rel}","templated":true}]}}