{"id":190,"date":"2024-04-10T23:48:23","date_gmt":"2024-04-10T22:48:23","guid":{"rendered":"https:\/\/www.simplycrayfish.co.uk\/?post_type=product&#038;p=190"},"modified":"2025-10-22T19:34:06","modified_gmt":"2025-10-22T18:34:06","slug":"cangrejos-de-rio-frescos-cocidos","status":"publish","type":"product","link":"https:\/\/www.simplycrayfish.co.uk\/es\/tienda\/cangrejos-de-rio-frescos-cocidos\/","title":{"rendered":"Cangrejos de r\u00edo frescos cocidos"},"content":{"rendered":"<p>Cangrejo de r\u00edo salvaje capturado en el Reino Unido, cocinado por encargo, por lo que es f\u00e1cil de preparar con sus propias recetas o se puede servir y comer fr\u00edo.<\/p>\n<p><strong>Medio<\/strong><br \/>Aprox. 22 piezas por kg \/ \u00a313.95 por kg<br \/><strong>Grande<\/strong><br \/>Aprox. 16 piezas por kg \/ \u00a315.95 por kg<\/p>\n<p>Se env\u00eda en envase refrigerado. Una vez recibido, refrigerar a &lt; 4\u00b0C y utilizar en 24 horas.<\/p>","protected":false},"excerpt":{"rendered":"<p>Cangrejo de r\u00edo salvaje capturado en el Reino Unido, cocinado por encargo, por lo que es f\u00e1cil de preparar con sus propias recetas o se puede servir y comer fr\u00edo.<\/p>\n<p><strong>Medio<\/strong><br \/>Aproximadamente 22 piezas por kg \/ precio por \u00a313.95 por kg<br \/><strong>Grande<\/strong><br \/>Aprox. 16 piezas por kg \/ precio por \u00a315.95 por kg<\/p>\n<p>Se env\u00eda en envase refrigerado. Una vez recibido, refrigerar a &lt; 4\u00b0C y utilizar en 24 horas.<\/p>","protected":false},"featured_media":600,"comment_status":"closed","ping_status":"closed","template":"","meta":{"_monsterinsights_skip_tracking":false,"_monsterinsights_sitenote_active":false,"_monsterinsights_sitenote_note":"","_monsterinsights_sitenote_category":0},"product_brand":[],"product_cat":[41],"product_tag":[42],"class_list":{"0":"post-190","1":"product","2":"type-product","3":"status-publish","4":"has-post-thumbnail","6":"product_cat-crayfish","7":"product_tag-fresh-cooked-crayfish","9":"first","10":"outofstock","11":"shipping-taxable","12":"purchasable","13":"product-type-variable"},"_links":{"self":[{"href":"https:\/\/www.simplycrayfish.co.uk\/es\/wp-json\/wp\/v2\/product\/190","targetHints":{"allow":["GET"]}}],"collection":[{"href":"https:\/\/www.simplycrayfish.co.uk\/es\/wp-json\/wp\/v2\/product"}],"about":[{"href":"https:\/\/www.simplycrayfish.co.uk\/es\/wp-json\/wp\/v2\/types\/product"}],"replies":[{"embeddable":true,"href":"https:\/\/www.simplycrayfish.co.uk\/es\/wp-json\/wp\/v2\/comments?post=190"}],"wp:featuredmedia":[{"embeddable":true,"href":"https:\/\/www.simplycrayfish.co.uk\/es\/wp-json\/wp\/v2\/media\/600"}],"wp:attachment":[{"href":"https:\/\/www.simplycrayfish.co.uk\/es\/wp-json\/wp\/v2\/media?parent=190"}],"wp:term":[{"taxonomy":"product_brand","embeddable":true,"href":"https:\/\/www.simplycrayfish.co.uk\/es\/wp-json\/wp\/v2\/product_brand?post=190"},{"taxonomy":"product_cat","embeddable":true,"href":"https:\/\/www.simplycrayfish.co.uk\/es\/wp-json\/wp\/v2\/product_cat?post=190"},{"taxonomy":"product_tag","embeddable":true,"href":"https:\/\/www.simplycrayfish.co.uk\/es\/wp-json\/wp\/v2\/product_tag?post=190"}],"curies":[{"name":"wp","href":"https:\/\/api.w.org\/{rel}","templated":true}]}}