{"id":323,"date":"2013-08-06T20:13:19","date_gmt":"2013-08-06T20:13:19","guid":{"rendered":"https:\/\/www.simplycrayfish.co.uk\/test\/?page_id=17"},"modified":"2025-10-21T11:42:35","modified_gmt":"2025-10-21T10:42:35","slug":"classic-shop","status":"publish","type":"page","link":"https:\/\/www.simplycrayfish.co.uk\/fr\/","title":{"rendered":"Accueil"},"content":{"rendered":"<div class=\"slider-wrapper relative\" id=\"slider-40509619\" >\n    <div class=\"slider slider-nav-circle slider-nav-large slider-nav-light slider-style-normal\"\n        data-flickity-options='{            \"cellAlign\": \"center\",            \"imagesLoaded\": true,            \"lazyLoad\": 1,            \"freeScroll\": false,            \"wrapAround\": true,            \"autoPlay\": 6000,            \"pauseAutoPlayOnHover\" : true,            \"prevNextButtons\": true,            \"contain\" : true,            \"adaptiveHeight\" : true,            \"dragThreshold\" : 10,            \"percentPosition\": true,            \"pageDots\": true,            \"rightToLeft\": false,            \"draggable\": true,            \"selectedAttraction\": 0.1,            \"parallax\" : 0,            \"friction\": 0.6        }'\n        >\n        \n\n  <div class=\"banner has-hover\" id=\"banner-94083532\">\n          <div class=\"banner-inner fill\">\n        <div class=\"banner-bg fill\" >\n            <img decoding=\"async\" width=\"1500\" height=\"1125\" src=\"https:\/\/www.simplycrayfish.co.uk\/wp-content\/uploads\/2024\/04\/cooked-crayfish-platter.jpeg\" class=\"bg attachment-original size-original\" alt=\"Une photo d&#039;un plateau d&#039;\u00e9crevisses cuites au Royaume-Uni dans un grand bol blanc.\" \/>                        <div class=\"overlay\"><\/div>            \n\t<div class=\"is-border\"\n\t\tstyle=\"border-width:0px 0px 0px 0px;margin:0px 0px 0px 0px;\">\n\t<\/div>\n                    <\/div>\n\t\t\n        <div class=\"banner-layers container\">\n            <div class=\"fill banner-link\"><\/div>            \n   <div id=\"text-box-1527996317\" class=\"text-box banner-layer x50 md-x50 lg-x50 y50 md-y50 lg-y50 res-text\">\n                     <div data-animate=\"flipInY\">           <div class=\"text-box-content text dark\">\n              \n              <div class=\"text-inner text-center\">\n                  \n<div class=\"is-divider divider clearfix\" style=\"margin-top:3px;margin-bottom:3px;\"><\/div>\n\t<div id=\"text-917504540\" class=\"text\">\n\t\t\n<h1 class=\"thin-font\"><span style=\"font-size: 80%;\">SIMPLY CRAYFISH EST LE PREMIER FOURNISSEUR D'\u00c9CREVISSES FRA\u00ceCHES ET CONGEL\u00c9ES DE PREMI\u00c8RE QUALIT\u00c9 AU ROYAUME-UNI.<\/span><\/h1>\n\t\t\n<style>\n#text-917504540 {\n  font-size: 0.75rem;\n  line-height: 1.4;\n  text-align: center;\n}\n@media (min-width:550px) {\n  #text-917504540 {\n    font-size: 0.75rem;\n    line-height: 1.5;\n    text-align: left;\n  }\n}\n<\/style>\n\t<\/div>\n\t\n\t<div id=\"text-1692687748\" class=\"text\">\n\t\t\n<h4><span style=\"font-size: 75%;\">Achetez des \u00e9crevisses captur\u00e9es \u00e0 l'\u00e9tat sauvage dans les rivi\u00e8res propres et claires et les ruisseaux crayeux de l'East Anglia et de l'Angleterre.<\/span><\/h4>\n\t\t\n<style>\n#text-1692687748 {\n  font-size: 1.25rem;\n  line-height: 1.2;\n  text-align: center;\n}\n@media (min-width:550px) {\n  #text-1692687748 {\n    font-size: 1.5rem;\n    line-height: 1.2;\n    text-align: left;\n  }\n}\n<\/style>\n\t<\/div>\n\t\n<div class=\"is-divider divider clearfix\" ><\/div>\n<a href=\"https:\/\/www.simplycrayfish.co.uk\/fr\/boutique\/\" class=\"button white is-outline\" >\n\t\t<span>Acheter<\/span>\n\t<\/a>\n\n              <\/div>\n           <\/div>\n       <\/div>                     \n<style>\n#text-box-1527996317 {\n  width: 100%;\n}\n#text-box-1527996317 .text-box-content {\n  font-size: 100%;\n}\n@media (min-width:550px) {\n  #text-box-1527996317 {\n    width: 70%;\n  }\n}\n<\/style>\n    <\/div>\n \n        <\/div>\n      <\/div>\n\n            \n<style>\n#banner-94083532 {\n  padding-top: 500px;\n}\n#banner-94083532 .overlay {\n  background-color: rgba(0, 0, 0, 0.238);\n}\n#banner-94083532 .banner-bg img {\n  object-position: 50% 50%;\n}\n<\/style>\n  <\/div>\n\n\n     <\/div>\n\n     <div class=\"loading-spin dark large centered\"><\/div>\n\n\t<\/div>\n\n\n\t<div id=\"gap-935080367\" class=\"gap-element clearfix\" style=\"display:block; height:auto;\">\n\t\t\n<style>\n#gap-935080367 {\n  padding-top: 40px;\n}\n<\/style>\n\t<\/div>\n\t\n<div class=\"row\"  id=\"row-897953979\">\n\n\t<div id=\"col-585383575\" class=\"col medium-8 small-12 large-8\"  >\n\t\t\t\t<div class=\"col-inner\"  >\n\t\t\t\n\t\t\t\n<p>Nous fournissons des \u00e9crevisses sauvages p\u00each\u00e9es dans les rivi\u00e8res et les lacs propres et limpides d'East Anglia et d'Angleterre. Nous fournissons <a href=\"https:\/\/www.simplycrayfish.co.uk\/fr\/produit\/ecrevisses-fraiches-refrigerees\/\" data-wplink-url-error=\"true\">frais<\/a>, <a href=\"https:\/\/www.simplycrayfish.co.uk\/fr\/produit\/ecrevisses-fraiches-cuites\/\" data-wplink-url-error=\"true\">cuit<\/a> et des \u00e9crevisses congel\u00e9es. Nous sommes convaincus de fournir le produit le plus savoureux du march\u00e9 et nous veillons \u00e0 ce qu'il parvienne \u00e0 nos clients en parfait \u00e9tat.<\/p>\n<p>Les \u00e9crevisses sont d\u00e9licieusement douces, avec une saveur d\u00e9licate, proche de celle de la langouste et du langoustin. Elles sont servies seules ou pr\u00e9par\u00e9es dans un grand nombre de recettes.\u00a0<br \/>Utilisez-les dans un amusant et d\u00e9licieux Louisiana Crawfish Boil ou dans une cuisine gastronomique comme la Bisque d'\u00e9crevisse et le Gratin de queues d'\u00e9crevisse fran\u00e7ais, tandis que les Espagnols se passionnent pour les Cangrejos de rio en salsa et que les Su\u00e9dois c\u00e9l\u00e8brent Kraftor chaque ann\u00e9e, en organisant des f\u00eates de l'\u00e9crevisse tout au long du mois d'ao\u00fbt en leur honneur ! Servies fra\u00eeches avec de l'aneth et de l'aquavit, parfaites pour une soir\u00e9e d'\u00e9t\u00e9, elles constituent, quelle que soit l'occasion, un plat somptueux et passionnant.<\/p>\n<p>Simply Crayfish propose des livraisons dans tout le Royaume-Uni et exporte vers l'Europe et l'outre-mer par voie routi\u00e8re, a\u00e9rienne ou maritime. <a href=\"https:\/\/www.simplycrayfish.co.uk\/fr\/contact\/\" data-wplink-url-error=\"true\">contact<\/a>\u00a0pour discuter de vos besoins.<\/p>\n\t\t<\/div>\n\t\t\t\t\t<\/div>\n\n\t\n\n\t<div id=\"col-478908703\" class=\"col medium-4 small-12 large-4\"  >\n\t\t\t\t<div class=\"col-inner\"  >\n\t\t\t\n\t\t\t\n<div class=\"slider-wrapper relative\" id=\"slider-1282132601\" >\n    <div class=\"slider slider-nav-circle slider-nav-large slider-nav-light slider-style-normal\"\n        data-flickity-options='{            \"cellAlign\": \"center\",            \"imagesLoaded\": true,            \"lazyLoad\": 1,            \"freeScroll\": false,            \"wrapAround\": true,            \"autoPlay\": 6000,            \"pauseAutoPlayOnHover\" : true,            \"prevNextButtons\": true,            \"contain\" : true,            \"adaptiveHeight\" : true,            \"dragThreshold\" : 10,            \"percentPosition\": true,            \"pageDots\": true,            \"rightToLeft\": false,            \"draggable\": true,            \"selectedAttraction\": 0.1,            \"parallax\" : 0,            \"friction\": 0.6        }'\n        >\n        \n\t<div class=\"img has-hover x md-x lg-x y md-y lg-y\" id=\"image_1405506824\">\n\t\t\t\t\t\t<div data-animate=\"fadeInRight\">\t\t<div class=\"img-inner dark\" >\n\t\t\t<img decoding=\"async\" width=\"534\" height=\"800\" src=\"https:\/\/www.simplycrayfish.co.uk\/wp-content\/uploads\/2024\/04\/Cooked-_Signal_Crayfish_Original-1-534x800.jpg\" class=\"attachment-large size-large\" alt=\"Photo d&#039;une \u00e9crevisse cuite avec une fleur d&#039;aneth.\" srcset=\"https:\/\/www.simplycrayfish.co.uk\/wp-content\/uploads\/2024\/04\/Cooked-_Signal_Crayfish_Original-1-534x800.jpg 534w, https:\/\/www.simplycrayfish.co.uk\/wp-content\/uploads\/2024\/04\/Cooked-_Signal_Crayfish_Original-1-248x372.jpg 248w, https:\/\/www.simplycrayfish.co.uk\/wp-content\/uploads\/2024\/04\/Cooked-_Signal_Crayfish_Original-1-350x525.jpg 350w, https:\/\/www.simplycrayfish.co.uk\/wp-content\/uploads\/2024\/04\/Cooked-_Signal_Crayfish_Original-1-267x400.jpg 267w, https:\/\/www.simplycrayfish.co.uk\/wp-content\/uploads\/2024\/04\/Cooked-_Signal_Crayfish_Original-1-768x1152.jpg 768w, https:\/\/www.simplycrayfish.co.uk\/wp-content\/uploads\/2024\/04\/Cooked-_Signal_Crayfish_Original-1-1024x1536.jpg 1024w, https:\/\/www.simplycrayfish.co.uk\/wp-content\/uploads\/2024\/04\/Cooked-_Signal_Crayfish_Original-1.jpg 1067w\" sizes=\"(max-width: 534px) 100vw, 534px\" \/>\t\t\t\t\t\t\n\t\t\t\t\t<\/div>\n\t\t<\/div>\t\t\t\t\t\t\n<style>\n#image_1405506824 {\n  width: 100%;\n}\n<\/style>\n\t<\/div>\n\t\n     <\/div>\n\n     <div class=\"loading-spin dark large centered\"><\/div>\n\n\t<\/div>\n\n\n\t\t<\/div>\n\t\t\t\t\t<\/div>\n\n\t\n<\/div>\n\t<div id=\"gap-2004265235\" class=\"gap-element clearfix\" style=\"display:block; height:auto;\">\n\t\t\n<style>\n#gap-2004265235 {\n  padding-top: 40px;\n}\n<\/style>\n\t<\/div>\n\t\n<div class=\"container section-title-container\" ><h3 class=\"section-title section-title-center\"><b aria-hidden=\"true\"><\/b><span class=\"section-title-main\" style=\"font-size:undefined%;\">Produits les plus vendus<\/span><b aria-hidden=\"true\"><\/b><\/h3><\/div>\n\t\n  \n    <div class=\"row  equalize-box large-columns-2 medium-columns- small-columns- row-small slider row-slider slider-nav-reveal\"  data-flickity-options='{&quot;imagesLoaded&quot;: true, &quot;groupCells&quot;: &quot;100%&quot;, &quot;dragThreshold&quot; : 5, &quot;cellAlign&quot;: &quot;left&quot;,&quot;wrapAround&quot;: true,&quot;prevNextButtons&quot;: true,&quot;percentPosition&quot;: true,&quot;pageDots&quot;: false, &quot;rightToLeft&quot;: false, &quot;autoPlay&quot; : false}' >\n\n  \n\t     <div class=\"col\" >\n\t\t\t\t\t\t<div class=\"col-inner\">\n\t\t\t\t\t\t\n<div class=\"badge-container absolute left top z-1\">\n\n<\/div>\n\t\t\t\t\t\t<div class=\"product-small box has-hover box-vertical box-text-bottom\">\n\t\t\t\t\t\t\t<div class=\"box-image\" style=\"width:30%;\">\n\t\t\t\t\t\t\t\t<div class=\"image-cover\" style=\"padding-top:100%;\">\n\t\t\t\t\t\t\t\t\t<a href=\"https:\/\/www.simplycrayfish.co.uk\/fr\/boutique\/ecrevisses-fraiches-refrigerees\/\" aria-label=\"\u00c9crevisses fra\u00eeches r\u00e9frig\u00e9r\u00e9es\">\n\t\t\t\t\t\t\t\t\t\t<img decoding=\"async\" width=\"280\" height=\"216\" src=\"https:\/\/www.simplycrayfish.co.uk\/wp-content\/uploads\/2024\/04\/signal-crayfish-live.jpeg\" class=\"attachment-thumbnail size-thumbnail\" alt=\"Photo d&#039;une \u00e9crevisse vivante sur fond blanc\" srcset=\"https:\/\/www.simplycrayfish.co.uk\/wp-content\/uploads\/2024\/04\/signal-crayfish-live.jpeg 1500w, https:\/\/www.simplycrayfish.co.uk\/wp-content\/uploads\/2024\/04\/signal-crayfish-live-248x191.jpeg 248w, https:\/\/www.simplycrayfish.co.uk\/wp-content\/uploads\/2024\/04\/signal-crayfish-live-350x270.jpeg 350w\" sizes=\"(max-width: 280px) 100vw, 280px\" \/>\t\t\t\t\t\t\t\t\t<\/a>\n\t\t\t\t\t\t\t\t\t\t\t\t\t\t\t\t\t\t \t\t\t\t\t\t\t\t<\/div>\n\t\t\t\t\t\t\t\t<div class=\"image-tools top right show-on-hover\">\n\t\t\t\t\t\t\t\t\t\t\t\t\t\t\t\t\t<\/div>\n\t\t\t\t\t\t\t\t\t\t\t\t\t\t\t\t\t<div class=\"image-tools grid-tools text-center hide-for-small bottom hover-slide-in show-on-hover\">\n\t\t\t\t\t\t\t\t\t\t<a href=\"#quick-view\" class=\"quick-view\" role=\"button\" data-prod=\"199\" aria-haspopup=\"dialog\" aria-expanded=\"false\" data-flatsome-role-button>Aper\u00e7u<\/a>\t\t\t\t\t\t\t\t\t<\/div>\n\t\t\t\t\t\t\t\t\t\t\t\t\t\t\t\t<div class=\"out-of-stock-label\" data-no-translation=\"\" data-trp-gettext=\"\">En rupture de stock<\/div>\t\t\t\t\t\t\t<\/div>\n\n\t\t\t\t\t\t\t<div class=\"box-text text-left\" >\n\t\t\t\t\t\t\t\t<div class=\"title-wrapper\">\t\t<p class=\"category uppercase is-smaller no-text-overflow product-cat op-8\">\n\t\t\t\u00c9crevisses\t\t<\/p>\n\t<p class=\"name product-title woocommerce-loop-product__title\"><a href=\"https:\/\/www.simplycrayfish.co.uk\/fr\/boutique\/ecrevisses-fraiches-refrigerees\/\" class=\"woocommerce-LoopProduct-link woocommerce-loop-product__link\">\u00c9crevisses fra\u00eeches r\u00e9frig\u00e9r\u00e9es<\/a><\/p><\/div><div class=\"price-wrapper\">\n\t<span class=\"price\">Prix par kg : \u00a313.95 - \u00a315.95<\/span>\n<\/div>\t\t\t\t\t\t\t<\/div>\n\t\t\t\t\t\t<\/div>\n\t\t\t\t\t\t<\/div>\n\t\t\t\t\t<\/div><div class=\"col\" >\n\t\t\t\t\t\t<div class=\"col-inner\">\n\t\t\t\t\t\t\n<div class=\"badge-container absolute left top z-1\">\n\n<\/div>\n\t\t\t\t\t\t<div class=\"product-small box has-hover box-vertical box-text-bottom\">\n\t\t\t\t\t\t\t<div class=\"box-image\" style=\"width:30%;\">\n\t\t\t\t\t\t\t\t<div class=\"image-cover\" style=\"padding-top:100%;\">\n\t\t\t\t\t\t\t\t\t<a href=\"https:\/\/www.simplycrayfish.co.uk\/fr\/boutique\/ecrevisses-fraiches-cuites\/\" aria-label=\"\u00c9crevisses fra\u00eechement cuites\">\n\t\t\t\t\t\t\t\t\t\t<img decoding=\"async\" width=\"280\" height=\"280\" src=\"https:\/\/www.simplycrayfish.co.uk\/wp-content\/uploads\/2024\/04\/signal-crayfish-cooked-white-background-280x280.jpg\" class=\"attachment-thumbnail size-thumbnail\" alt=\"Photo d&#039;une \u00e9crevisse signal cuite sur fond blanc\" srcset=\"https:\/\/www.simplycrayfish.co.uk\/wp-content\/uploads\/2024\/04\/signal-crayfish-cooked-white-background-280x280.jpg 280w, https:\/\/www.simplycrayfish.co.uk\/wp-content\/uploads\/2024\/04\/signal-crayfish-cooked-white-background-100x100.jpg 100w\" sizes=\"(max-width: 280px) 100vw, 280px\" \/>\t\t\t\t\t\t\t\t\t<\/a>\n\t\t\t\t\t\t\t\t\t\t\t\t\t\t\t\t\t\t \t\t\t\t\t\t\t\t<\/div>\n\t\t\t\t\t\t\t\t<div class=\"image-tools top right show-on-hover\">\n\t\t\t\t\t\t\t\t\t\t\t\t\t\t\t\t\t<\/div>\n\t\t\t\t\t\t\t\t\t\t\t\t\t\t\t\t\t<div class=\"image-tools grid-tools text-center hide-for-small bottom hover-slide-in show-on-hover\">\n\t\t\t\t\t\t\t\t\t\t<a href=\"#quick-view\" class=\"quick-view\" role=\"button\" data-prod=\"190\" aria-haspopup=\"dialog\" aria-expanded=\"false\" data-flatsome-role-button>Aper\u00e7u<\/a>\t\t\t\t\t\t\t\t\t<\/div>\n\t\t\t\t\t\t\t\t\t\t\t\t\t\t\t\t<div class=\"out-of-stock-label\" data-no-translation=\"\" data-trp-gettext=\"\">En rupture de stock<\/div>\t\t\t\t\t\t\t<\/div>\n\n\t\t\t\t\t\t\t<div class=\"box-text text-left\" >\n\t\t\t\t\t\t\t\t<div class=\"title-wrapper\">\t\t<p class=\"category uppercase is-smaller no-text-overflow product-cat op-8\">\n\t\t\t\u00c9crevisses\t\t<\/p>\n\t<p class=\"name product-title woocommerce-loop-product__title\"><a href=\"https:\/\/www.simplycrayfish.co.uk\/fr\/boutique\/ecrevisses-fraiches-cuites\/\" class=\"woocommerce-LoopProduct-link woocommerce-loop-product__link\">\u00c9crevisses fra\u00eechement cuites<\/a><\/p><\/div><div class=\"price-wrapper\">\n\t<span class=\"price\">Prix par kg : \u00a313.95 - \u00a315.95<\/span>\n<\/div>\t\t\t\t\t\t\t<\/div>\n\t\t\t\t\t\t<\/div>\n\t\t\t\t\t\t<\/div>\n\t\t\t\t\t<\/div><\/div>\n\t<div id=\"gap-1266489853\" class=\"gap-element clearfix\" style=\"display:block; height:auto;\">\n\t\t\n<style>\n#gap-1266489853 {\n  padding-top: 40px;\n}\n<\/style>\n\t<\/div>\n\t\n<div class=\"row row-divided\"  id=\"row-962441189\">\n\n\t<div id=\"col-1695009111\" class=\"col medium-4 large-4\"  >\n\t\t\t\t<div class=\"col-inner\"  >\n\t\t\t\n\t\t\t\n\n\t\t<div class=\"icon-box featured-box icon-box-center text-center\"  style=\"margin:0px 0px 0px 0px;\">\n\t\t\t\t\t<div class=\"icon-box-img has-icon-bg\" style=\"width: 84px\">\n\t\t\t\t<div class=\"icon\">\n\t\t\t\t\t<div class=\"icon-inner\" style=\"border-width:2px;color:rgb(255, 255, 255);\">\n\t\t\t\t\t\t<img decoding=\"async\" width=\"300\" height=\"300\" src=\"https:\/\/www.simplycrayfish.co.uk\/wp-content\/uploads\/2024\/04\/cropped-Logo-Twitter-300x300.jpg\" class=\"attachment-medium size-medium\" alt=\"Logo de Simply Crayfish-Twitter\" srcset=\"https:\/\/www.simplycrayfish.co.uk\/wp-content\/uploads\/2024\/04\/cropped-Logo-Twitter-300x300.jpg 300w, https:\/\/www.simplycrayfish.co.uk\/wp-content\/uploads\/2024\/04\/cropped-Logo-Twitter-150x150.jpg 150w, https:\/\/www.simplycrayfish.co.uk\/wp-content\/uploads\/2024\/04\/cropped-Logo-Twitter-100x100.jpg 100w, https:\/\/www.simplycrayfish.co.uk\/wp-content\/uploads\/2024\/04\/cropped-Logo-Twitter-270x270.jpg 270w, https:\/\/www.simplycrayfish.co.uk\/wp-content\/uploads\/2024\/04\/cropped-Logo-Twitter-192x192.jpg 192w, https:\/\/www.simplycrayfish.co.uk\/wp-content\/uploads\/2024\/04\/cropped-Logo-Twitter-180x180.jpg 180w, https:\/\/www.simplycrayfish.co.uk\/wp-content\/uploads\/2024\/04\/cropped-Logo-Twitter-32x32.jpg 32w, https:\/\/www.simplycrayfish.co.uk\/wp-content\/uploads\/2024\/04\/cropped-Logo-Twitter.jpg 512w\" sizes=\"(max-width: 300px) 100vw, 300px\" \/>\t\t\t\t\t<\/div>\n\t\t\t\t<\/div>\n\t\t\t<\/div>\n\t\t\t\t<div class=\"icon-box-text last-reset\">\n\t\t\t<h5 class=\"uppercase\">Environnement<\/h5>\t\t\t\t\t\t\n<p>Les \u00e9crevisses du Royaume-Uni sont non indig\u00e8nes et abondantes, avec une faible empreinte carbone.<\/p>\n\t\t<\/div>\n\t<\/div>\n\t\n\t\n\t\t<\/div>\n\t\t\t\t\t<\/div>\n\n\t\n\n\t<div id=\"col-408776999\" class=\"col medium-4 large-4\"  >\n\t\t\t\t<div class=\"col-inner\"  >\n\t\t\t\n\t\t\t\n\n\t\t<div class=\"icon-box featured-box icon-box-center text-center\"  style=\"margin:0px 0px 0px 0px;\">\n\t\t\t\t\t<div class=\"icon-box-img has-icon-bg\" style=\"width: 84px\">\n\t\t\t\t<div class=\"icon\">\n\t\t\t\t\t<div class=\"icon-inner\" style=\"border-width:2px;color:rgb(255, 255, 255);\">\n\t\t\t\t\t\t<img decoding=\"async\" width=\"300\" height=\"300\" src=\"https:\/\/www.simplycrayfish.co.uk\/wp-content\/uploads\/2024\/04\/cropped-Logo-Twitter-300x300.jpg\" class=\"attachment-medium size-medium\" alt=\"Logo de Simply Crayfish-Twitter\" srcset=\"https:\/\/www.simplycrayfish.co.uk\/wp-content\/uploads\/2024\/04\/cropped-Logo-Twitter-300x300.jpg 300w, https:\/\/www.simplycrayfish.co.uk\/wp-content\/uploads\/2024\/04\/cropped-Logo-Twitter-150x150.jpg 150w, https:\/\/www.simplycrayfish.co.uk\/wp-content\/uploads\/2024\/04\/cropped-Logo-Twitter-100x100.jpg 100w, https:\/\/www.simplycrayfish.co.uk\/wp-content\/uploads\/2024\/04\/cropped-Logo-Twitter-270x270.jpg 270w, https:\/\/www.simplycrayfish.co.uk\/wp-content\/uploads\/2024\/04\/cropped-Logo-Twitter-192x192.jpg 192w, https:\/\/www.simplycrayfish.co.uk\/wp-content\/uploads\/2024\/04\/cropped-Logo-Twitter-180x180.jpg 180w, https:\/\/www.simplycrayfish.co.uk\/wp-content\/uploads\/2024\/04\/cropped-Logo-Twitter-32x32.jpg 32w, https:\/\/www.simplycrayfish.co.uk\/wp-content\/uploads\/2024\/04\/cropped-Logo-Twitter.jpg 512w\" sizes=\"(max-width: 300px) 100vw, 300px\" \/>\t\t\t\t\t<\/div>\n\t\t\t\t<\/div>\n\t\t\t<\/div>\n\t\t\t\t<div class=\"icon-box-text last-reset\">\n\t\t\t<h5 class=\"uppercase\">Biologique<\/h5>\t\t\t\t\t\t\n<p>Ecrevisses britanniques captur\u00e9es \u00e0 l'\u00e9tat sauvage, 100% sans additifs ni conservateurs.<\/p>\n\t\t<\/div>\n\t<\/div>\n\t\n\t\n\t\t<\/div>\n\t\t\t\t\t<\/div>\n\n\t\n\n\t<div id=\"col-701759834\" class=\"col medium-4 large-4\"  >\n\t\t\t\t<div class=\"col-inner\"  >\n\t\t\t\n\t\t\t\n\n\t\t<div class=\"icon-box featured-box icon-box-center text-center\"  style=\"margin:0px 0px 0px 0px;\">\n\t\t\t\t\t<div class=\"icon-box-img has-icon-bg\" style=\"width: 84px\">\n\t\t\t\t<div class=\"icon\">\n\t\t\t\t\t<div class=\"icon-inner\" style=\"border-width:2px;color:rgb(255, 255, 255);\">\n\t\t\t\t\t\t<img decoding=\"async\" width=\"300\" height=\"300\" src=\"https:\/\/www.simplycrayfish.co.uk\/wp-content\/uploads\/2024\/04\/cropped-Logo-Twitter-300x300.jpg\" class=\"attachment-medium size-medium\" alt=\"Logo de Simply Crayfish-Twitter\" srcset=\"https:\/\/www.simplycrayfish.co.uk\/wp-content\/uploads\/2024\/04\/cropped-Logo-Twitter-300x300.jpg 300w, https:\/\/www.simplycrayfish.co.uk\/wp-content\/uploads\/2024\/04\/cropped-Logo-Twitter-150x150.jpg 150w, https:\/\/www.simplycrayfish.co.uk\/wp-content\/uploads\/2024\/04\/cropped-Logo-Twitter-100x100.jpg 100w, https:\/\/www.simplycrayfish.co.uk\/wp-content\/uploads\/2024\/04\/cropped-Logo-Twitter-270x270.jpg 270w, https:\/\/www.simplycrayfish.co.uk\/wp-content\/uploads\/2024\/04\/cropped-Logo-Twitter-192x192.jpg 192w, https:\/\/www.simplycrayfish.co.uk\/wp-content\/uploads\/2024\/04\/cropped-Logo-Twitter-180x180.jpg 180w, https:\/\/www.simplycrayfish.co.uk\/wp-content\/uploads\/2024\/04\/cropped-Logo-Twitter-32x32.jpg 32w, https:\/\/www.simplycrayfish.co.uk\/wp-content\/uploads\/2024\/04\/cropped-Logo-Twitter.jpg 512w\" sizes=\"(max-width: 300px) 100vw, 300px\" \/>\t\t\t\t\t<\/div>\n\t\t\t\t<\/div>\n\t\t\t<\/div>\n\t\t\t\t<div class=\"icon-box-text last-reset\">\n\t\t\t<h5 class=\"uppercase\">Livraison le lendemain<\/h5>\t\t\t\t\t\t\n<p>Livraison le lendemain du mardi au vendredi pour les commandes pass\u00e9es avant 10 heures du lundi au jeudi.<\/p>\n\t\t<\/div>\n\t<\/div>\n\t\n\t\n\t\t<\/div>\n\t\t\t\t\t<\/div>\n\n\t\n<\/div>\n\t<div id=\"gap-1235391184\" class=\"gap-element clearfix\" style=\"display:block; height:auto;\">\n\t\t\n<style>\n#gap-1235391184 {\n  padding-top: 40px;\n}\n<\/style>\n\t<\/div>","protected":false},"excerpt":{"rendered":"","protected":false},"author":1,"featured_media":0,"parent":0,"menu_order":1,"comment_status":"closed","ping_status":"closed","template":"page-blank.php","meta":{"_monsterinsights_skip_tracking":false,"_monsterinsights_sitenote_active":false,"_monsterinsights_sitenote_note":"","_monsterinsights_sitenote_category":0,"footnotes":""},"class_list":["post-323","page","type-page","status-publish","hentry"],"_links":{"self":[{"href":"https:\/\/www.simplycrayfish.co.uk\/fr\/wp-json\/wp\/v2\/pages\/323","targetHints":{"allow":["GET"]}}],"collection":[{"href":"https:\/\/www.simplycrayfish.co.uk\/fr\/wp-json\/wp\/v2\/pages"}],"about":[{"href":"https:\/\/www.simplycrayfish.co.uk\/fr\/wp-json\/wp\/v2\/types\/page"}],"author":[{"embeddable":true,"href":"https:\/\/www.simplycrayfish.co.uk\/fr\/wp-json\/wp\/v2\/users\/1"}],"replies":[{"embeddable":true,"href":"https:\/\/www.simplycrayfish.co.uk\/fr\/wp-json\/wp\/v2\/comments?post=323"}],"version-history":[{"count":0,"href":"https:\/\/www.simplycrayfish.co.uk\/fr\/wp-json\/wp\/v2\/pages\/323\/revisions"}],"wp:attachment":[{"href":"https:\/\/www.simplycrayfish.co.uk\/fr\/wp-json\/wp\/v2\/media?parent=323"}],"curies":[{"name":"wp","href":"https:\/\/api.w.org\/{rel}","templated":true}]}}