{"id":87,"date":"2019-08-31T11:27:26","date_gmt":"2019-08-31T10:27:26","guid":{"rendered":"https:\/\/www.simplycrayfish.co.uk\/?page_id=87"},"modified":"2025-07-15T14:42:12","modified_gmt":"2025-07-15T13:42:12","slug":"livraison","status":"publish","type":"page","link":"https:\/\/www.simplycrayfish.co.uk\/fr\/livraison\/","title":{"rendered":"Livraison"},"content":{"rendered":"<div id=\"gap-1998398488\" class=\"gap-element clearfix\" style=\"display:block; height:auto;\">\n\t\t\n<style>\n#gap-1998398488 {\n  padding-top: 30px;\n}\n<\/style>\n\t<\/div>\n\t\n<div class=\"row\"  id=\"row-296412428\">\n\n\t<div id=\"col-1211797928\" class=\"col small-12 large-12\"  >\n\t\t\t\t<div class=\"col-inner\"  >\n\t\t\t\n\t\t\t\n<p>Vos \u00e9crevisses arriveront dans des bo\u00eetes isol\u00e9es ou dans des bo\u00eetes sp\u00e9cialement isol\u00e9es pour les commandes importantes, qui offrent toutes deux la protection n\u00e9cessaire. Nous utilisons des packs de glace en gel pour garder vos \u00e9crevisses au frais. Ces packs peuvent \u00eatre r\u00e9utilis\u00e9s, il suffit de les placer dans votre cong\u00e9lateur et de les utiliser comme les packs de glace en plastique.<\/p>\n<p>Tous les produits sont pr\u00e9par\u00e9s \u00e0 la commande. Si vous commandez un produit cuit, il sera cuit et r\u00e9frig\u00e9r\u00e9 la veille du jour o\u00f9 vous le recevrez. Si vous commandez des \u00e9crevisses turques vivantes, elles sont cueillies et emball\u00e9es juste avant que le transporteur ne vienne les chercher. Si votre commande comprend des produits congel\u00e9s, il est possible qu'ils d\u00e9cong\u00e8lent pendant le transport. Nous faisons de notre mieux pour nous assurer qu'ils arrivent congel\u00e9s, mais nous ne pouvons pas le garantir.<\/p>\n<p>Livraisons au Royaume-Uni : Nous livrons uniquement du mardi au vendredi. Les commandes pass\u00e9es du lundi au jeudi et avant 10h00 GMT seront exp\u00e9di\u00e9es le jour m\u00eame. Les services de messagerie utilis\u00e9s s'efforcent de livrer le jour suivant dans la mesure du possible.<\/p>\n<p>Zones de livraison<\/p>\n<p>Nos produits r\u00e9frig\u00e9r\u00e9s, congel\u00e9s et cuits peuvent \u00eatre livr\u00e9s dans toutes les r\u00e9gions du Royaume-Uni. Nos \u00e9crevisses turques vivantes ne peuvent \u00eatre livr\u00e9es qu'aux restaurateurs et aux h\u00f4teliers. Les \u00e9crevisses n'\u00e9tant pas indig\u00e8nes, nous n'exp\u00e9dions pas nos produits dans les r\u00e9gions o\u00f9 nous pensons qu'il existe un risque d'introduction de l'\u00e9crevisse. Ceci inclut le Pays de Galles, l'Ecosse et le Royaume-Uni. Veuillez nous appeler avant de passer votre commande par email sales@www.simplycrayfish.co.uk pour confirmer que nous pouvons vous livrer. <a href=\"\/fr\/sales@simplycrayfish.co.uk\/\">sales@simplycrayfish.co.uk<\/a> pour confirmer que nous pouvons vous livrer.<\/p>\n<p><strong>Note <\/strong>- Nous (Simply Crayfish) ne sommes pas responsables des retards du transporteur ou des marchandises ab\u00eem\u00e9es\/endommag\u00e9es en raison d'une non-livraison due \u00e0 une mauvaise adresse indiqu\u00e9e au moment de la commande ou \u00e0 l'absence du client au moment de la livraison. Nous ne pouvons pas donner de d\u00e9lai pr\u00e9cis pour les livraisons, mais seulement le jour pr\u00e9vu pour la livraison.<\/p>\n\t\t<\/div>\n\t\t\t\t\t<\/div>\n\n\t\n<\/div>\n\t<div id=\"gap-1947066753\" class=\"gap-element clearfix\" style=\"display:block; height:auto;\">\n\t\t\n<style>\n#gap-1947066753 {\n  padding-top: 30px;\n}\n<\/style>\n\t<\/div>","protected":false},"excerpt":{"rendered":"","protected":false},"author":1,"featured_media":0,"parent":0,"menu_order":0,"comment_status":"closed","ping_status":"closed","template":"","meta":{"_monsterinsights_skip_tracking":false,"_monsterinsights_sitenote_active":false,"_monsterinsights_sitenote_note":"","_monsterinsights_sitenote_category":0,"footnotes":""},"class_list":["post-87","page","type-page","status-publish","hentry"],"_links":{"self":[{"href":"https:\/\/www.simplycrayfish.co.uk\/fr\/wp-json\/wp\/v2\/pages\/87","targetHints":{"allow":["GET"]}}],"collection":[{"href":"https:\/\/www.simplycrayfish.co.uk\/fr\/wp-json\/wp\/v2\/pages"}],"about":[{"href":"https:\/\/www.simplycrayfish.co.uk\/fr\/wp-json\/wp\/v2\/types\/page"}],"author":[{"embeddable":true,"href":"https:\/\/www.simplycrayfish.co.uk\/fr\/wp-json\/wp\/v2\/users\/1"}],"replies":[{"embeddable":true,"href":"https:\/\/www.simplycrayfish.co.uk\/fr\/wp-json\/wp\/v2\/comments?post=87"}],"version-history":[{"count":0,"href":"https:\/\/www.simplycrayfish.co.uk\/fr\/wp-json\/wp\/v2\/pages\/87\/revisions"}],"wp:attachment":[{"href":"https:\/\/www.simplycrayfish.co.uk\/fr\/wp-json\/wp\/v2\/media?parent=87"}],"curies":[{"name":"wp","href":"https:\/\/api.w.org\/{rel}","templated":true}]}}