{"id":199,"date":"2024-04-11T12:21:28","date_gmt":"2024-04-11T11:21:28","guid":{"rendered":"https:\/\/www.simplycrayfish.co.uk\/?post_type=product&#038;p=199"},"modified":"2025-10-22T19:29:22","modified_gmt":"2025-10-22T18:29:22","slug":"ecrevisses-fraiches-refrigerees","status":"publish","type":"product","link":"https:\/\/www.simplycrayfish.co.uk\/fr\/boutique\/ecrevisses-fraiches-refrigerees\/","title":{"rendered":"\u00c9crevisses fra\u00eeches r\u00e9frig\u00e9r\u00e9es"},"content":{"rendered":"<p>Des \u00e9crevisses sauvages p\u00each\u00e9es au Royaume-Uni, pr\u00e9par\u00e9es \u00e0 la commande, ce qui facilite la finition de la cuisson en utilisant vos propres recettes.<\/p>\n<p>Ce qui se rapproche le plus d'un produit vivant, ce sont les \u00e9crevisses fra\u00eeches pr\u00e9cuites, qui ont \u00e9t\u00e9 cuites pendant 2 minutes et r\u00e9frig\u00e9r\u00e9es par air puls\u00e9 avant d'\u00eatre emball\u00e9es.<\/p>\n<p><strong>Moyen<\/strong><br \/>Environ 22 pi\u00e8ces par kg \/ prix par \u00a313.95 par kg<br \/><strong>Grandes<\/strong><br \/>Environ 16 pi\u00e8ces par kg \/ prix par \u00a315.95 par kg<\/p>","protected":false},"excerpt":{"rendered":"<p>Les \u00e9crevisses fra\u00eeches du Royaume-Uni, p\u00each\u00e9es \u00e0 l'\u00e9tat sauvage et pr\u00e9par\u00e9es \u00e0 la commande, ont \u00e9t\u00e9 cuites pendant 2 minutes et r\u00e9frig\u00e9r\u00e9es par air puls\u00e9 avant d'\u00eatre emball\u00e9es, ce qui facilite la finition de la cuisson en utilisant vos propres recettes.<\/p>\n<p><strong>Moyen<\/strong><br \/>Environ 22 pi\u00e8ces par kg \/ prix par \u00a313.95 par kg<br \/><strong>Grandes<\/strong><br \/>Environ 16 pi\u00e8ces par kg \/ prix par \u00a315.95 par kg<\/p>\n<p>Livr\u00e9 dans un emballage r\u00e9frig\u00e9r\u00e9. D\u00e8s r\u00e9ception, r\u00e9frig\u00e9rer \u00e0 &lt; 4\u00b0C et cuire dans les 24 heures.<\/p>\n<p>Une fois cuits, ils peuvent \u00eatre conserv\u00e9s jusqu'\u00e0 48 heures au r\u00e9frig\u00e9rateur, \u00e0 une temp\u00e9rature inf\u00e9rieure \u00e0 4\u00b0C.<\/p>","protected":false},"featured_media":166,"comment_status":"open","ping_status":"closed","template":"","meta":{"_monsterinsights_skip_tracking":false,"_monsterinsights_sitenote_active":false,"_monsterinsights_sitenote_note":"","_monsterinsights_sitenote_category":0},"product_brand":[],"product_cat":[41],"product_tag":[43],"class_list":{"0":"post-199","1":"product","2":"type-product","3":"status-publish","4":"has-post-thumbnail","6":"product_cat-crayfish","7":"product_tag-fresh-crayfish","9":"first","10":"outofstock","11":"shipping-taxable","12":"purchasable","13":"product-type-variable"},"_links":{"self":[{"href":"https:\/\/www.simplycrayfish.co.uk\/fr\/wp-json\/wp\/v2\/product\/199","targetHints":{"allow":["GET"]}}],"collection":[{"href":"https:\/\/www.simplycrayfish.co.uk\/fr\/wp-json\/wp\/v2\/product"}],"about":[{"href":"https:\/\/www.simplycrayfish.co.uk\/fr\/wp-json\/wp\/v2\/types\/product"}],"replies":[{"embeddable":true,"href":"https:\/\/www.simplycrayfish.co.uk\/fr\/wp-json\/wp\/v2\/comments?post=199"}],"wp:featuredmedia":[{"embeddable":true,"href":"https:\/\/www.simplycrayfish.co.uk\/fr\/wp-json\/wp\/v2\/media\/166"}],"wp:attachment":[{"href":"https:\/\/www.simplycrayfish.co.uk\/fr\/wp-json\/wp\/v2\/media?parent=199"}],"wp:term":[{"taxonomy":"product_brand","embeddable":true,"href":"https:\/\/www.simplycrayfish.co.uk\/fr\/wp-json\/wp\/v2\/product_brand?post=199"},{"taxonomy":"product_cat","embeddable":true,"href":"https:\/\/www.simplycrayfish.co.uk\/fr\/wp-json\/wp\/v2\/product_cat?post=199"},{"taxonomy":"product_tag","embeddable":true,"href":"https:\/\/www.simplycrayfish.co.uk\/fr\/wp-json\/wp\/v2\/product_tag?post=199"}],"curies":[{"name":"wp","href":"https:\/\/api.w.org\/{rel}","templated":true}]}}